{"id":653,"date":"2024-06-13T11:53:11","date_gmt":"2024-06-13T11:53:11","guid":{"rendered":"https:\/\/tamtam-saigon.com\/?page_id=653"},"modified":"2024-06-13T11:53:13","modified_gmt":"2024-06-13T11:53:13","slug":"mentions-legales","status":"publish","type":"page","link":"https:\/\/tamtam-saigon.com\/it\/mentions-legales\/","title":{"rendered":"Mentions L\u00e9gales"},"content":{"rendered":"<div class=\"gb-container gb-container-4b616416\">\n<div class=\"gb-container gb-container-54070c7e\">\n\n<p><strong>NOTE LEGALI<\/strong><\/p>\n\n\n\n<p>Conformemente alle disposizioni della legge n\u00b0 2004-575 del 21 giugno 2004 sulla fiducia nell'economia digitale, si informa agli utenti del sito Tam-Tam Saigon l'identit\u00e0 dei diversi soggetti coinvolti nella sua realizzazione e gestione.<\/p>\n\n\n\n<p><strong>Editore del sito&nbsp;<\/strong><\/p>\n\n\n\n<p>Il presente sito, accessibile all'URL https:\/\/tamtam-saigon.com (il \u00ab Sito \u00bb), \u00e8 gestito da:<\/p>\n\n\n\n<p>Jean-Max Aboto, residente in 1 rue du Clocher, di nazionalit\u00e0 francese (Francia), nato\/a il 07\/09\/1986,<br><\/p>\n\n\n\n<p><strong>Ospitalit\u00e0<\/strong><\/p>\n\n\n\n<p><br>Il Sito \u00e8 ospitato dalla societ\u00e0 Easy Hoster, situata presso Kim Communication Ltd, numero di registrazione ICRIS: 2114236. Sede legale: Unit G 15\/F Tal Building, Austin Road n\u00b0 49, Kowloon, 999077, Hong Kong (contatto telefonico o email: +33110210310).<\/p>\n\n\n\n<p><strong>Direttore della pubblicazione&nbsp;<\/strong><\/p>\n\n\n\n<p><br>Il Direttore della pubblicazione del Sito \u00e8 Jean-Max Aboto.<\/p>\n\n\n\n<p><strong>Contattaci&nbsp;<\/strong><\/p>\n\n\n\n<p><br>Per telefono: +33495605187<\/p>\n\n\n\n<p>Per email: contact@tamtam-saigon.com<\/p>\n\n\n\n<p>Per posta: 1 rue du Clocher<\/p>\n\n\n\n<p>Generazione delle note legali a cura di <a href=\"https:\/\/www.legalstart.fr\/\" target=\"_blank\" rel=\"noopener\">Legalstart<\/a>.<\/p>\n\n<\/div>\n<\/div>","protected":false},"excerpt":{"rendered":"<p>MENTIONS L\u00c9GALES Conform\u00e9ment aux dispositions de la loi n\u00b0 2004-575 du 21 juin 2004 pour la confiance en l&rsquo;\u00e9conomie num\u00e9rique, il est pr\u00e9cis\u00e9 aux utilisateurs du site Tam-Tam Saigon l&rsquo;identit\u00e9 des diff\u00e9rents intervenants dans le cadre de sa r\u00e9alisation et de son suivi. Edition du site&nbsp; Le pr\u00e9sent site, accessible \u00e0 l\u2019URL https:\/\/tamtam-saigon.com (le \u00ab &#8230; <a title=\"Mentions L\u00e9gales\" class=\"read-more\" href=\"https:\/\/tamtam-saigon.com\/it\/mentions-legales\/\" aria-label=\"Per saperne di pi\u00f9 su Mentions L\u00e9gales\">Leggi tutto<\/a><\/p>","protected":false},"author":1,"featured_media":0,"parent":0,"menu_order":0,"comment_status":"closed","ping_status":"closed","template":"","meta":{"footnotes":""},"class_list":["post-653","page","type-page","status-publish"],"_links":{"self":[{"href":"https:\/\/tamtam-saigon.com\/it\/wp-json\/wp\/v2\/pages\/653","targetHints":{"allow":["GET"]}}],"collection":[{"href":"https:\/\/tamtam-saigon.com\/it\/wp-json\/wp\/v2\/pages"}],"about":[{"href":"https:\/\/tamtam-saigon.com\/it\/wp-json\/wp\/v2\/types\/page"}],"author":[{"embeddable":true,"href":"https:\/\/tamtam-saigon.com\/it\/wp-json\/wp\/v2\/users\/1"}],"replies":[{"embeddable":true,"href":"https:\/\/tamtam-saigon.com\/it\/wp-json\/wp\/v2\/comments?post=653"}],"version-history":[{"count":1,"href":"https:\/\/tamtam-saigon.com\/it\/wp-json\/wp\/v2\/pages\/653\/revisions"}],"predecessor-version":[{"id":654,"href":"https:\/\/tamtam-saigon.com\/it\/wp-json\/wp\/v2\/pages\/653\/revisions\/654"}],"wp:attachment":[{"href":"https:\/\/tamtam-saigon.com\/it\/wp-json\/wp\/v2\/media?parent=653"}],"curies":[{"name":"wp","href":"https:\/\/api.w.org\/{rel}","templated":true}]}}