{"id":25,"date":"2019-06-28T05:27:53","date_gmt":"2019-06-28T05:27:53","guid":{"rendered":"https:\/\/gpsites.co\/grill\/?page_id=25"},"modified":"2025-07-21T11:42:29","modified_gmt":"2025-07-21T11:42:29","slug":"notre-carte","status":"publish","type":"page","link":"https:\/\/tamtam-saigon.com\/it\/notre-carte\/","title":{"rendered":"I Nostri Antipasti"},"content":{"rendered":"<div class=\"gb-container gb-container-95f783c5\">\n<div class=\"gb-grid-wrapper gb-grid-wrapper-80da37bd\">\n<div class=\"gb-grid-column gb-grid-column-06815cf2\"><div class=\"gb-container gb-container-06815cf2\">\n\n<figure class=\"gb-block-image gb-block-image-08e1c559\"><img decoding=\"async\" width=\"1024\" height=\"249\" class=\"gb-image gb-image-08e1c559\" src=\"https:\/\/tamtam-saigon.com\/wp-content\/uploads\/2024\/06\/starters-photo-1024x249.webp\" alt=\"photo entree carte rouleau printemps\" title=\"starters photo\" srcset=\"https:\/\/tamtam-saigon.com\/wp-content\/uploads\/2024\/06\/starters-photo-1024x249.webp 1024w, https:\/\/tamtam-saigon.com\/wp-content\/uploads\/2024\/06\/starters-photo-300x73.webp 300w, https:\/\/tamtam-saigon.com\/wp-content\/uploads\/2024\/06\/starters-photo-768x187.webp 768w, https:\/\/tamtam-saigon.com\/wp-content\/uploads\/2024\/06\/starters-photo-1536x373.webp 1536w, https:\/\/tamtam-saigon.com\/wp-content\/uploads\/2024\/06\/starters-photo-2048x497.webp 2048w\" sizes=\"(max-width: 1024px) 100vw, 1024px\" \/><\/figure>\n\n<\/div><\/div>\n\n<div class=\"gb-grid-column gb-grid-column-c4351342\"><div class=\"gb-container gb-container-c4351342\">\n\n<h3 class=\"gb-headline gb-headline-936f616b gb-headline-text\">I Nostri Antipasti<br>Freddi<\/h3>\n\n<\/div><\/div>\n<\/div>\n<\/div>\n\n<div class=\"gb-container gb-container-cace351e\">\n<div class=\"gb-grid-wrapper gb-grid-wrapper-38973289\">\n<div class=\"gb-grid-column gb-grid-column-ab1a9e9e\"><div class=\"gb-container gb-container-ab1a9e9e\">\n\n<p class=\"gb-headline gb-headline-0754a169 gb-headline-text\"><strong>Insalata di soia con pollo<\/strong><br><\/p>\n\n<\/div><\/div>\n\n<div class=\"gb-grid-column gb-grid-column-433aa74a\"><div class=\"gb-container gb-container-433aa74a\">\n\n<p class=\"gb-headline gb-headline-8c9c0ed6 gb-headline-text\">9,50\u20ac<\/p>\n\n<\/div><\/div>\n\n<div class=\"gb-grid-column gb-grid-column-65985f94\"><div class=\"gb-container gb-container-65985f94\">\n\n<p class=\"gb-headline gb-headline-0d853b58 gb-headline-text\"><strong>Insalata di soia con gamberi<\/strong><br><\/p>\n\n<\/div><\/div>\n\n<div class=\"gb-grid-column gb-grid-column-df5009b7\"><div class=\"gb-container gb-container-df5009b7\">\n\n<p class=\"gb-headline gb-headline-0a156a95 gb-headline-text\">9,50\u20ac<\/p>\n\n<\/div><\/div>\n\n<div class=\"gb-grid-column gb-grid-column-eb078341\"><div class=\"gb-container gb-container-eb078341\">\n\n<p class=\"gb-headline gb-headline-e0344cf6 gb-headline-text\"><strong>Insalata Saigonese<\/strong><em><br>Maiale laccato<\/em><\/p>\n\n<\/div><\/div>\n\n<div class=\"gb-grid-column gb-grid-column-b971902c\"><div class=\"gb-container gb-container-b971902c\">\n\n<p class=\"gb-headline gb-headline-f37d30c7 gb-headline-text\">9,50\u20ac<\/p>\n\n<\/div><\/div>\n\n<div class=\"gb-grid-column gb-grid-column-6dfd09fc\"><div class=\"gb-container gb-container-6dfd09fc\">\n\n<p class=\"gb-headline gb-headline-19cfdd22 gb-headline-text\"><strong>Involtini primavera<\/strong><br><\/p>\n\n<\/div><\/div>\n\n<div class=\"gb-grid-column gb-grid-column-f7b334cb\"><div class=\"gb-container gb-container-f7b334cb\">\n\n<p class=\"gb-headline gb-headline-79f4eedd gb-headline-text\">9,50\u20ac<\/p>\n\n<\/div><\/div>\n<\/div>\n<\/div>\n\n<div class=\"gb-container gb-container-db8ca171\">\n<div class=\"gb-grid-wrapper gb-grid-wrapper-22979417\">\n<div class=\"gb-grid-column gb-grid-column-a4b68681\"><div class=\"gb-container gb-container-a4b68681\">\n\n<h3 class=\"gb-headline gb-headline-dade4125 gb-headline-text\">I Nostri Antipasti<br>Caldi<\/h3>\n\n<\/div><\/div>\n\n<div class=\"gb-grid-column gb-grid-column-6cc6ead1\"><div class=\"gb-container gb-container-6cc6ead1\">\n\n<figure class=\"gb-block-image gb-block-image-623037b8\"><img decoding=\"async\" width=\"1024\" height=\"249\" class=\"gb-image gb-image-623037b8\" src=\"https:\/\/tamtam-saigon.com\/wp-content\/uploads\/2024\/06\/photo-entree-chaude-1024x249.webp\" alt=\"photo entr\u00e9e chaude menu\" title=\"photo entree chaude\" srcset=\"https:\/\/tamtam-saigon.com\/wp-content\/uploads\/2024\/06\/photo-entree-chaude-1024x249.webp 1024w, https:\/\/tamtam-saigon.com\/wp-content\/uploads\/2024\/06\/photo-entree-chaude-300x73.webp 300w, https:\/\/tamtam-saigon.com\/wp-content\/uploads\/2024\/06\/photo-entree-chaude-768x187.webp 768w, https:\/\/tamtam-saigon.com\/wp-content\/uploads\/2024\/06\/photo-entree-chaude-1536x373.webp 1536w, https:\/\/tamtam-saigon.com\/wp-content\/uploads\/2024\/06\/photo-entree-chaude-2048x497.webp 2048w\" sizes=\"(max-width: 1024px) 100vw, 1024px\" \/><\/figure>\n\n<\/div><\/div>\n<\/div>\n<\/div>\n\n<div class=\"gb-container gb-container-4ee96224\">\n<div class=\"gb-grid-wrapper gb-grid-wrapper-fffd0ab9\">\n<div class=\"gb-grid-column gb-grid-column-6b161199\"><div class=\"gb-container gb-container-6b161199\">\n\n<p class=\"gb-headline gb-headline-abad2a9f gb-headline-text\"><strong>Nems di pollo o vegetariani<\/strong><\/p>\n\n<\/div><\/div>\n\n<div class=\"gb-grid-column gb-grid-column-5dca176d\"><div class=\"gb-container gb-container-5dca176d\">\n\n<p class=\"gb-headline gb-headline-a3331b4a gb-headline-text\">9,50\u20ac<\/p>\n\n<\/div><\/div>\n\n<div class=\"gb-grid-column gb-grid-column-eb66e3bc\"><div class=\"gb-container gb-container-eb66e3bc\">\n\n<p class=\"gb-headline gb-headline-8597989d gb-headline-text\"><strong>Ravioli fritti con<\/strong> <strong>pollo<\/strong><\/p>\n\n<\/div><\/div>\n\n<div class=\"gb-grid-column gb-grid-column-adeffc4d\"><div class=\"gb-container gb-container-adeffc4d\">\n\n<p class=\"gb-headline gb-headline-d5309aa5 gb-headline-text\">9,50\u20ac<\/p>\n\n<\/div><\/div>\n\n<div class=\"gb-grid-column gb-grid-column-7534056a\"><div class=\"gb-container gb-container-7534056a\">\n\n<p class=\"gb-headline gb-headline-2c75db1b gb-headline-text\"><strong>Samosa<\/strong><\/p>\n\n<\/div><\/div>\n\n<div class=\"gb-grid-column gb-grid-column-8958f8a9\"><div class=\"gb-container gb-container-8958f8a9\">\n\n<p class=\"gb-headline gb-headline-cf528615 gb-headline-text\">9,50\u20ac<\/p>\n\n<\/div><\/div>\n\n<div class=\"gb-grid-column gb-grid-column-19641942\"><div class=\"gb-container gb-container-19641942\">\n\n<p class=\"gb-headline gb-headline-89bc25f1 gb-headline-text\"><strong>Frittelle di gamberi<\/strong><\/p>\n\n<\/div><\/div>\n\n<div class=\"gb-grid-column gb-grid-column-a310aeb9\"><div class=\"gb-container gb-container-a310aeb9\">\n\n<p class=\"gb-headline gb-headline-e3418508 gb-headline-text\">9,50\u20ac<\/p>\n\n<\/div><\/div>\n\n<div class=\"gb-grid-column gb-grid-column-4cb46128\"><div class=\"gb-container gb-container-4cb46128\">\n\n<p class=\"gb-headline gb-headline-ef65fb21 gb-headline-text\"><strong>Ravioli al vapore<\/strong><\/p>\n\n<\/div><\/div>\n\n<div class=\"gb-grid-column gb-grid-column-5019846b\"><div class=\"gb-container gb-container-5019846b\">\n\n<p class=\"gb-headline gb-headline-ff3f2cd8 gb-headline-text\">11\u20ac<\/p>\n\n<\/div><\/div>\n\n<div class=\"gb-grid-column gb-grid-column-6b5fa3bf\"><div class=\"gb-container gb-container-6b5fa3bf\">\n\n<p class=\"gb-headline gb-headline-b8e69963 gb-headline-text\"><strong>Cr\u00eapes Saigonese al vapore<\/strong><\/p>\n\n<\/div><\/div>\n\n<div class=\"gb-grid-column gb-grid-column-848c64d7\"><div class=\"gb-container gb-container-848c64d7\">\n\n<p class=\"gb-headline gb-headline-39321003 gb-headline-text\">11\u20ac<\/p>\n\n<\/div><\/div>\n\n<div class=\"gb-grid-column gb-grid-column-59c8e204\"><div class=\"gb-container gb-container-59c8e204\">\n\n<p class=\"gb-headline gb-headline-6c8430e9 gb-headline-text\"><strong>Assortimento al vapore<\/strong><br><em>A base di gamberi<\/em><\/p>\n\n<\/div><\/div>\n\n<div class=\"gb-grid-column gb-grid-column-16f6f28e\"><div class=\"gb-container gb-container-16f6f28e\">\n\n<p class=\"gb-headline gb-headline-db835d85 gb-headline-text\">15\u20ac<\/p>\n\n<\/div><\/div>\n\n<div class=\"gb-grid-column gb-grid-column-597166ad\"><div class=\"gb-container gb-container-597166ad\">\n\n<p class=\"gb-headline gb-headline-13c952fd gb-headline-text\"><strong>Assortimento misto fritto<\/strong><br><em>Nems, frittelle di gamberi, ravioli fritti, samosa<\/em>.<\/p>\n\n<\/div><\/div>\n\n<div class=\"gb-grid-column gb-grid-column-9ef87eef\"><div class=\"gb-container gb-container-9ef87eef\">\n\n<p class=\"gb-headline gb-headline-cd02d528 gb-headline-text\">15\u20ac<\/p>\n\n<\/div><\/div>\n<\/div>\n<\/div>\n\n<div class=\"gb-container gb-container-dc99f20f\">\n<div class=\"gb-grid-wrapper gb-grid-wrapper-d7854c45\">\n<div class=\"gb-grid-column gb-grid-column-93258c48\"><div class=\"gb-container gb-container-93258c48\">\n\n<figure class=\"gb-block-image gb-block-image-e0900957\"><img decoding=\"async\" width=\"1024\" height=\"249\" class=\"gb-image gb-image-e0900957\" src=\"https:\/\/tamtam-saigon.com\/wp-content\/uploads\/2024\/06\/photo-soup-image-menu-1024x249.webp\" alt=\"photo-soup-menu-image\" title=\"photo soup image menu\" srcset=\"https:\/\/tamtam-saigon.com\/wp-content\/uploads\/2024\/06\/photo-soup-image-menu-1024x249.webp 1024w, https:\/\/tamtam-saigon.com\/wp-content\/uploads\/2024\/06\/photo-soup-image-menu-300x73.webp 300w, https:\/\/tamtam-saigon.com\/wp-content\/uploads\/2024\/06\/photo-soup-image-menu-768x187.webp 768w, https:\/\/tamtam-saigon.com\/wp-content\/uploads\/2024\/06\/photo-soup-image-menu-1536x373.webp 1536w, https:\/\/tamtam-saigon.com\/wp-content\/uploads\/2024\/06\/photo-soup-image-menu-2048x497.webp 2048w\" sizes=\"(max-width: 1024px) 100vw, 1024px\" \/><\/figure>\n\n<\/div><\/div>\n\n<div class=\"gb-grid-column gb-grid-column-f3e3682a\"><div class=\"gb-container gb-container-f3e3682a\">\n\n<h3 class=\"gb-headline gb-headline-46b65131 gb-headline-text\">Le Nostre Zuppe<\/h3>\n\n<\/div><\/div>\n<\/div>\n<\/div>\n\n<div class=\"gb-container gb-container-e428835d\">\n<div class=\"gb-grid-wrapper gb-grid-wrapper-74139129\">\n<div class=\"gb-grid-column gb-grid-column-96dd326a\"><div class=\"gb-container gb-container-96dd326a\">\n\n<p class=\"gb-headline gb-headline-91ad5525 gb-headline-text\"><strong>Zuppa cinese<\/strong><br><em>Pasta di frumento giallo<\/em><\/p>\n\n<\/div><\/div>\n\n<div class=\"gb-grid-column gb-grid-column-71797200\"><div class=\"gb-container gb-container-71797200\">\n\n<p class=\"gb-headline gb-headline-dd07aa76 gb-headline-text\">12\u20ac<\/p>\n\n<\/div><\/div>\n\n<div class=\"gb-grid-column gb-grid-column-93588218\"><div class=\"gb-container gb-container-93588218\">\n\n<p class=\"gb-headline gb-headline-dfc6567e gb-headline-text\"><strong>Zuppa saigonese<br><\/strong><em>Pasta di riso bianca<\/em><\/p>\n\n<\/div><\/div>\n\n<div class=\"gb-grid-column gb-grid-column-07aa6984\"><div class=\"gb-container gb-container-07aa6984\">\n\n<p class=\"gb-headline gb-headline-ae61a5f4 gb-headline-text\">12\u20ac<\/p>\n\n<\/div><\/div>\n<\/div>\n<\/div>\n\n<div class=\"gb-container gb-container-c0e1d241\">\n<div class=\"gb-grid-wrapper gb-grid-wrapper-76b37d2e\">\n<div class=\"gb-grid-column gb-grid-column-a1e54530\"><div class=\"gb-container gb-container-a1e54530\">\n\n<h3 class=\"gb-headline gb-headline-99b4db21 gb-headline-text\">I Nostri Risi<br>E Verdure<\/h3>\n\n<\/div><\/div>\n\n<div class=\"gb-grid-column gb-grid-column-5b1f2dca\"><div class=\"gb-container gb-container-5b1f2dca\">\n\n<figure class=\"gb-block-image gb-block-image-07a32511\"><img decoding=\"async\" width=\"1024\" height=\"249\" class=\"gb-image gb-image-07a32511\" src=\"https:\/\/tamtam-saigon.com\/wp-content\/uploads\/2024\/06\/rice-image-banner-1024x249.webp\" alt=\"photo rice banner\" title=\"rice image banner\" srcset=\"https:\/\/tamtam-saigon.com\/wp-content\/uploads\/2024\/06\/rice-image-banner-1024x249.webp 1024w, https:\/\/tamtam-saigon.com\/wp-content\/uploads\/2024\/06\/rice-image-banner-300x73.webp 300w, https:\/\/tamtam-saigon.com\/wp-content\/uploads\/2024\/06\/rice-image-banner-768x187.webp 768w, https:\/\/tamtam-saigon.com\/wp-content\/uploads\/2024\/06\/rice-image-banner-1536x373.webp 1536w, https:\/\/tamtam-saigon.com\/wp-content\/uploads\/2024\/06\/rice-image-banner-2048x497.webp 2048w\" sizes=\"(max-width: 1024px) 100vw, 1024px\" \/><\/figure>\n\n<\/div><\/div>\n<\/div>\n<\/div>\n\n<div class=\"gb-container gb-container-f3938dba\">\n<div class=\"gb-grid-wrapper gb-grid-wrapper-bcea6d18\">\n<div class=\"gb-grid-column gb-grid-column-e0204465\"><div class=\"gb-container gb-container-e0204465\">\n\n<p class=\"gb-headline gb-headline-744dd9b6 gb-headline-text\"><strong>Riso bianco<\/strong><br><\/p>\n\n<\/div><\/div>\n\n<div class=\"gb-grid-column gb-grid-column-9005a8bb\"><div class=\"gb-container gb-container-9005a8bb\">\n\n<p class=\"gb-headline gb-headline-cc45b5ba gb-headline-text\">2,50\u20ac<\/p>\n\n<\/div><\/div>\n\n<div class=\"gb-grid-column gb-grid-column-3d0e34af\"><div class=\"gb-container gb-container-3d0e34af\">\n\n<p class=\"gb-headline gb-headline-b181a396 gb-headline-text\"><strong>Riso alla cantonese<br><\/strong><\/p>\n\n<\/div><\/div>\n\n<div class=\"gb-grid-column gb-grid-column-4867f97c\"><div class=\"gb-container gb-container-4867f97c\">\n\n<p class=\"gb-headline gb-headline-4918f427 gb-headline-text\">4\u20ac<\/p>\n\n<\/div><\/div>\n\n<div class=\"gb-grid-column gb-grid-column-396f5d6c\"><div class=\"gb-container gb-container-396f5d6c\">\n\n<p class=\"gb-headline gb-headline-0a07d440 gb-headline-text\"><strong>Verdure Chop<\/strong> <strong>Suey<br><\/strong><\/p>\n\n<\/div><\/div>\n\n<div class=\"gb-grid-column gb-grid-column-7b1ecfdd\"><div class=\"gb-container gb-container-7b1ecfdd\">\n\n<p class=\"gb-headline gb-headline-e4b62b36 gb-headline-text\">8\u20ac<\/p>\n\n<\/div><\/div>\n\n<div class=\"gb-grid-column gb-grid-column-22146a44\"><div class=\"gb-container gb-container-22146a44\">\n\n<p class=\"gb-headline gb-headline-12a73168 gb-headline-text\"><strong>Pasta gialla Chop Suey<\/strong><br><\/p>\n\n<\/div><\/div>\n\n<div class=\"gb-grid-column gb-grid-column-364a9ed9\"><div class=\"gb-container gb-container-364a9ed9\">\n\n<p class=\"gb-headline gb-headline-76d2d67d gb-headline-text\">10\u20ac<\/p>\n\n<\/div><\/div>\n<\/div>\n<\/div>\n\n<div class=\"gb-container gb-container-0ad9711d\">\n<div class=\"gb-grid-wrapper gb-grid-wrapper-739b5707\">\n<div class=\"gb-grid-column gb-grid-column-1ce32a36\"><div class=\"gb-container gb-container-1ce32a36\">\n\n<figure class=\"gb-block-image gb-block-image-ddcc946d\"><img decoding=\"async\" width=\"1024\" height=\"249\" class=\"gb-image gb-image-ddcc946d\" src=\"https:\/\/tamtam-saigon.com\/wp-content\/uploads\/2024\/06\/pasta-image-banner-1024x249.webp\" alt=\"photo pate chinoise\" title=\"pasta image banner\" srcset=\"https:\/\/tamtam-saigon.com\/wp-content\/uploads\/2024\/06\/pasta-image-banner-1024x249.webp 1024w, https:\/\/tamtam-saigon.com\/wp-content\/uploads\/2024\/06\/pasta-image-banner-300x73.webp 300w, https:\/\/tamtam-saigon.com\/wp-content\/uploads\/2024\/06\/pasta-image-banner-768x187.webp 768w, https:\/\/tamtam-saigon.com\/wp-content\/uploads\/2024\/06\/pasta-image-banner-1536x373.webp 1536w, https:\/\/tamtam-saigon.com\/wp-content\/uploads\/2024\/06\/pasta-image-banner-2048x497.webp 2048w\" sizes=\"(max-width: 1024px) 100vw, 1024px\" \/><\/figure>\n\n<\/div><\/div>\n\n<div class=\"gb-grid-column gb-grid-column-4de4b3d9\"><div class=\"gb-container gb-container-4de4b3d9\">\n\n<h3 class=\"gb-headline gb-headline-98f47433 gb-headline-text\">Le Nostre Paste<\/h3>\n\n<\/div><\/div>\n<\/div>\n<\/div>\n\n<div class=\"gb-container gb-container-dc6caa87\">\n<div class=\"gb-grid-wrapper gb-grid-wrapper-b61fc962\">\n<div class=\"gb-grid-column gb-grid-column-9369b254\"><div class=\"gb-container gb-container-9369b254\">\n\n<p class=\"gb-headline gb-headline-6363948a gb-headline-text\"><strong><strong>Bun B\u00f2<\/strong><\/strong><br><em>Manzo saltato con vermicelli<\/em><\/p>\n\n<\/div><\/div>\n\n<div class=\"gb-grid-column gb-grid-column-b2c4429d\"><div class=\"gb-container gb-container-b2c4429d\">\n\n<p class=\"gb-headline gb-headline-644cd788 gb-headline-text\">16\u20ac<\/p>\n\n<\/div><\/div>\n\n<div class=\"gb-grid-column gb-grid-column-ec3a6821\"><div class=\"gb-container gb-container-ec3a6821\">\n\n<p class=\"gb-headline gb-headline-67f4a0a9 gb-headline-text\"><strong><strong>Bun B\u00f2 reale con nems<\/strong><br><\/strong><\/p>\n\n<\/div><\/div>\n\n<div class=\"gb-grid-column gb-grid-column-fc51684b\"><div class=\"gb-container gb-container-fc51684b\">\n\n<p class=\"gb-headline gb-headline-61e84a2b gb-headline-text\">18\u20ac<\/p>\n\n<\/div><\/div>\n\n<div class=\"gb-grid-column gb-grid-column-e19422dc\"><div class=\"gb-container gb-container-e19422dc\">\n\n<p class=\"gb-headline gb-headline-37784be9 gb-headline-text\"><strong>Bun Saigonese<\/strong><br><em>Manzo saltato al sat\u00e9<\/em><\/p>\n\n<\/div><\/div>\n\n<div class=\"gb-grid-column gb-grid-column-07de1665\"><div class=\"gb-container gb-container-07de1665\">\n\n<p class=\"gb-headline gb-headline-01d6b8c8 gb-headline-text\">18\u20ac<\/p>\n\n<\/div><\/div>\n\n<div class=\"gb-grid-column gb-grid-column-815bba7c\"><div class=\"gb-container gb-container-815bba7c\">\n\n<p class=\"gb-headline gb-headline-f805af38 gb-headline-text\"><strong>M\u00ec X\u00e0o<\/strong><br><em>Pasta croccante saltata con maiale, pollo, manzo<\/em><\/p>\n\n<\/div><\/div>\n\n<div class=\"gb-grid-column gb-grid-column-617c56ce\"><div class=\"gb-container gb-container-617c56ce\">\n\n<p class=\"gb-headline gb-headline-f49ae304 gb-headline-text\">22\u20ac<\/p>\n\n<\/div><\/div>\n\n<div class=\"gb-grid-column gb-grid-column-a7bc952d\"><div class=\"gb-container gb-container-a7bc952d\">\n\n<p class=\"gb-headline gb-headline-01e17bf9 gb-headline-text\"><strong>M\u00ec X\u00e0o N\u01b0\u1edbc<br><\/strong><em>Pasta morbida saltata con maiale, pollo, manzo<\/em><\/p>\n\n<\/div><\/div>\n\n<div class=\"gb-grid-column gb-grid-column-843bac25\"><div class=\"gb-container gb-container-843bac25\">\n\n<p class=\"gb-headline gb-headline-0833e43a gb-headline-text\">22\u20ac<\/p>\n\n<\/div><\/div>\n\n<div class=\"gb-grid-column gb-grid-column-bf49824c\"><div class=\"gb-container gb-container-bf49824c\">\n\n<p class=\"gb-headline gb-headline-4ee8a592 gb-headline-text\"><strong>M\u00ec X\u00e0o T\u00f4m<\/strong><br><em>Pasta croccante saltata con gamberi<\/em><br><\/p>\n\n<\/div><\/div>\n\n<div class=\"gb-grid-column gb-grid-column-7d5c0a3e\"><div class=\"gb-container gb-container-7d5c0a3e\">\n\n<p class=\"gb-headline gb-headline-942f0f96 gb-headline-text\">22\u20ac<\/p>\n\n<\/div><\/div>\n\n<div class=\"gb-grid-column gb-grid-column-b9c07216\"><div class=\"gb-container gb-container-b9c07216\">\n\n<p class=\"gb-headline gb-headline-4ba22ff4 gb-headline-text\"><strong>M\u00ec X\u00e0o N\u01b0\u1edbc T\u00f4m<\/strong><br><em>Pasta morbida saltata con gamberi<\/em><\/p>\n\n<\/div><\/div>\n\n<div class=\"gb-grid-column gb-grid-column-14f3bbf6\"><div class=\"gb-container gb-container-14f3bbf6\">\n\n<p class=\"gb-headline gb-headline-a217fd96 gb-headline-text\">22\u20ac<\/p>\n\n<\/div><\/div>\n<\/div>\n<\/div>\n\n<div class=\"gb-container gb-container-0dfcf561\">\n<div class=\"gb-container gb-container-6231260e\">\n\n<a class=\"gb-button gb-button-791a5030 gb-button-text\" href=\"https:\/\/tamtam-saigon.com\/it\/nos-plats\/\">Voir les Plats<\/a>\n\n<\/div>\n<\/div>\n\n<div class=\"gb-container gb-container-610a5791\">\n<div class=\"gb-container gb-container-4c2ade7b\">\n\n<a class=\"gb-button gb-button-ade694a4 gb-button-text\" href=\"https:\/\/tamtam-saigon.com\/it\/nos-desserts\/\">Voir les Desserts<\/a>\n\n<\/div>\n<\/div>\n\n<div class=\"gb-container gb-container-782846dc\">\n<div class=\"gb-container gb-container-a632b21f\">\n\n<a class=\"gb-button gb-button-da652763 gb-button-text\" href=\"https:\/\/tamtam-saigon.com\/it\/formule\/\">Voir la Formule \u00e0 28 \u20ac<\/a>\n\n<\/div>\n<\/div>\n\n<div class=\"gb-container gb-container-1e333bc7\">\n<div class=\"gb-container gb-container-30999c5b\">\n\n<a class=\"gb-button gb-button-34f9afe7 gb-button-text\" href=\"https:\/\/tamtam-saigon.com\/it\/nos-boissons\/\">Voir les Boissons<\/a>\n\n<\/div>\n<\/div>","protected":false},"excerpt":{"rendered":"","protected":false},"author":1,"featured_media":487,"parent":0,"menu_order":0,"comment_status":"closed","ping_status":"closed","template":"","meta":{"footnotes":""},"class_list":["post-25","page","type-page","status-publish","has-post-thumbnail"],"_links":{"self":[{"href":"https:\/\/tamtam-saigon.com\/it\/wp-json\/wp\/v2\/pages\/25","targetHints":{"allow":["GET"]}}],"collection":[{"href":"https:\/\/tamtam-saigon.com\/it\/wp-json\/wp\/v2\/pages"}],"about":[{"href":"https:\/\/tamtam-saigon.com\/it\/wp-json\/wp\/v2\/types\/page"}],"author":[{"embeddable":true,"href":"https:\/\/tamtam-saigon.com\/it\/wp-json\/wp\/v2\/users\/1"}],"replies":[{"embeddable":true,"href":"https:\/\/tamtam-saigon.com\/it\/wp-json\/wp\/v2\/comments?post=25"}],"version-history":[{"count":103,"href":"https:\/\/tamtam-saigon.com\/it\/wp-json\/wp\/v2\/pages\/25\/revisions"}],"predecessor-version":[{"id":1315,"href":"https:\/\/tamtam-saigon.com\/it\/wp-json\/wp\/v2\/pages\/25\/revisions\/1315"}],"wp:featuredmedia":[{"embeddable":true,"href":"https:\/\/tamtam-saigon.com\/it\/wp-json\/wp\/v2\/media\/487"}],"wp:attachment":[{"href":"https:\/\/tamtam-saigon.com\/it\/wp-json\/wp\/v2\/media?parent=25"}],"curies":[{"name":"wp","href":"https:\/\/api.w.org\/{rel}","templated":true}]}}