{"id":1093,"date":"2025-01-08T20:02:05","date_gmt":"2025-01-08T20:02:05","guid":{"rendered":"https:\/\/tamtam-saigon.com\/?page_id=1093"},"modified":"2025-01-16T11:43:15","modified_gmt":"2025-01-16T11:43:15","slug":"restaurant-vietnamien-en-corse","status":"publish","type":"page","link":"https:\/\/tamtam-saigon.com\/it\/restaurant-vietnamien-en-corse\/","title":{"rendered":"Chi siamo noi?"},"content":{"rendered":"<div class=\"gb-container gb-container-bbfb43b3\">\n<div class=\"gb-container gb-container-4a236c01\">\n\n<h1 class=\"wp-block-heading\" style=\"font-size:28px\">Ristorante asiatico a Isola Rossa: scopri il Tam Tam Saigon<\/h1>\n\n\n\n<p>Situato nel cuore di Isola Rossa, in Alta Corsica, il ristorante <strong>Tam Tam Saigon<\/strong> vi invita a vivere un\u2019 <strong>esperienza culinaria unica<\/strong> con le sue autentiche specialit\u00e0 vietnamite. Che siate abitanti del posto o visitatori curiosi, questo <strong>ristorante vietnamita<\/strong> \u00e8 la destinazione ideale per assaporare piatti tradizionali preparati con passione.<\/p>\n\n\n<div class=\"gb-container gb-container-66a94a88\">\n\n<figure class=\"wp-block-image size-full\"><img decoding=\"async\" width=\"1024\" height=\"1024\" src=\"https:\/\/tamtam-saigon.com\/wp-content\/uploads\/2025\/01\/photo-soupe-vietnamienne.webp\" alt=\"photo d'une soupe vietnamienne\" class=\"wp-image-1099\" srcset=\"https:\/\/tamtam-saigon.com\/wp-content\/uploads\/2025\/01\/photo-soupe-vietnamienne.webp 1024w, https:\/\/tamtam-saigon.com\/wp-content\/uploads\/2025\/01\/photo-soupe-vietnamienne-300x300.webp 300w, https:\/\/tamtam-saigon.com\/wp-content\/uploads\/2025\/01\/photo-soupe-vietnamienne-150x150.webp 150w, https:\/\/tamtam-saigon.com\/wp-content\/uploads\/2025\/01\/photo-soupe-vietnamienne-768x768.webp 768w, https:\/\/tamtam-saigon.com\/wp-content\/uploads\/2025\/01\/photo-soupe-vietnamienne-12x12.webp 12w\" sizes=\"(max-width: 1024px) 100vw, 1024px\" \/><\/figure>\n\n<\/div>\n\n\n<h2 class=\"wp-block-heading\">Un viaggio culinario nel cuore dell\u2019Asia<\/h2>\n\n\n\n<p>Non appena varcate la soglia del <strong>Tam Tam Saigon<\/strong>, vi ritrovate immersi in un vero universo di sapori asiatici. La <strong>cucina vietnamita<\/strong>, conosciuta per la sua ricchezza e diversit\u00e0, viene qui celebrata con un men\u00f9 variegato in grado di soddisfare tutti i gusti.<\/p>\n\n\n\n<p>Tra i piatti imperdibili, non perdete la famosa zuppa saigonese, una tradizionale zuppa vietnamita ricca di aromi e di erbe fresche. Per gli amanti delle grigliate, il manzo al satay, saltato in padella con spezie dal sapore intenso, \u00e8 una vera delizia. E non dimenticate di provare gli involtini primavera croccanti e leggeri, oppure i rotoli freschi e saporiti, simboli della cucina vietnamita.<\/p>\n\n\n<div class=\"gb-container gb-container-fe0d951c\">\n\n<figure class=\"wp-block-image size-full\"><img decoding=\"async\" width=\"1024\" height=\"1024\" src=\"https:\/\/tamtam-saigon.com\/wp-content\/uploads\/2025\/01\/photo-village-vietnam.webp\" alt=\"photo d'un village vietnamien\" class=\"wp-image-1100\" srcset=\"https:\/\/tamtam-saigon.com\/wp-content\/uploads\/2025\/01\/photo-village-vietnam.webp 1024w, https:\/\/tamtam-saigon.com\/wp-content\/uploads\/2025\/01\/photo-village-vietnam-300x300.webp 300w, https:\/\/tamtam-saigon.com\/wp-content\/uploads\/2025\/01\/photo-village-vietnam-150x150.webp 150w, https:\/\/tamtam-saigon.com\/wp-content\/uploads\/2025\/01\/photo-village-vietnam-768x768.webp 768w, https:\/\/tamtam-saigon.com\/wp-content\/uploads\/2025\/01\/photo-village-vietnam-12x12.webp 12w\" sizes=\"(max-width: 1024px) 100vw, 1024px\" \/><\/figure>\n\n<\/div>\n\n\n<h3 class=\"wp-block-heading\">Ingredienti freschi e locali<\/h3>\n\n\n\n<p>Al <strong>Tam Tam Saigon<\/strong>, ogni piatto \u00e8 preparato con cura utilizzando ingredienti freschi, spesso provenienti da produttori locali in <strong>Alta Corsica<\/strong>. Questo approccio non solo garantisce la qualit\u00e0 dei piatti, ma sostiene anche l\u2019economia locale. Ogni boccone \u00e8 un omaggio alla cucina tradizionale vietnamita, valorizzando i prodotti di stagione e le spezie esotiche.<\/p>\n\n\n<div class=\"gb-container gb-container-95299251\">\n\n<figure class=\"wp-block-image size-full\"><img decoding=\"async\" width=\"1024\" height=\"1024\" src=\"https:\/\/tamtam-saigon.com\/wp-content\/uploads\/2025\/01\/poulet-curry.webp\" alt=\"poulet curry\" class=\"wp-image-1106\" srcset=\"https:\/\/tamtam-saigon.com\/wp-content\/uploads\/2025\/01\/poulet-curry.webp 1024w, https:\/\/tamtam-saigon.com\/wp-content\/uploads\/2025\/01\/poulet-curry-300x300.webp 300w, https:\/\/tamtam-saigon.com\/wp-content\/uploads\/2025\/01\/poulet-curry-150x150.webp 150w, https:\/\/tamtam-saigon.com\/wp-content\/uploads\/2025\/01\/poulet-curry-768x768.webp 768w, https:\/\/tamtam-saigon.com\/wp-content\/uploads\/2025\/01\/poulet-curry-12x12.webp 12w\" sizes=\"(max-width: 1024px) 100vw, 1024px\" \/><\/figure>\n\n<\/div>\n\n\n<p>Martine, la chef del Tam Tam Saigon, tiene particolarmente a rispettare le ricette ancestrali, aggiungendo per\u00f2 il suo tocco personale. Potrete cos\u00ec scoprire o riscoprire i sapori unici della <strong>cucina asiatica<\/strong>, con la certezza di gustare piatti sani ed equilibrati.<\/p>\n\n\n\n<h2 class=\"wp-block-heading\">Atmosfera conviviale e arredamento autentico<\/h2>\n\n\n\n<p>Oltre ai piatti deliziosi, il <strong>Tam Tam Saigon<\/strong> si distingue per la sua atmosfera accogliente e il suo arredamento autentico ispirato direttamente al Vietnam, con un tocco di influenze africane, frutto del meticciato della nostra chef, nata a Saigon. L\u2019ambiente \u00e8 ideale per condividere un buon pasto in famiglia, con amici o anche per un appuntamento romantico.<\/p>\n\n\n<div class=\"gb-container gb-container-72cd1508\">\n\n<figure class=\"wp-block-image size-full\"><img decoding=\"async\" width=\"1024\" height=\"1024\" src=\"https:\/\/tamtam-saigon.com\/wp-content\/uploads\/2025\/01\/photo-metissage-vietnam-centrafrique.webp\" alt=\"photo d'un mod\u00e8le m\u00e9tiss\u00e9e asiatique centrafrique\" class=\"wp-image-1104\" srcset=\"https:\/\/tamtam-saigon.com\/wp-content\/uploads\/2025\/01\/photo-metissage-vietnam-centrafrique.webp 1024w, https:\/\/tamtam-saigon.com\/wp-content\/uploads\/2025\/01\/photo-metissage-vietnam-centrafrique-300x300.webp 300w, https:\/\/tamtam-saigon.com\/wp-content\/uploads\/2025\/01\/photo-metissage-vietnam-centrafrique-150x150.webp 150w, https:\/\/tamtam-saigon.com\/wp-content\/uploads\/2025\/01\/photo-metissage-vietnam-centrafrique-768x768.webp 768w, https:\/\/tamtam-saigon.com\/wp-content\/uploads\/2025\/01\/photo-metissage-vietnam-centrafrique-12x12.webp 12w\" sizes=\"(max-width: 1024px) 100vw, 1024px\" \/><\/figure>\n\n<\/div>\n\n\n<p>Il personale, cordiale e premuroso, sar\u00e0 felice di guidarvi attraverso il men\u00f9 e di consigliarvi i migliori abbinamenti di sapori. L\u2019atmosfera rilassante del <strong>ristorante vietnamita<\/strong> contribuisce a rendere ogni visita un\u2019esperienza memorabile, all\u2019insegna del relax e della scoperta.<\/p>\n\n\n\n<h3 class=\"wp-block-heading\">La convivialit\u00e0 come parola d\u2019ordine<\/h3>\n\n\n\n<p>Uno degli aspetti pi\u00f9 apprezzati del <strong>Tam Tam Saigon<\/strong> \u00e8 senza dubbio lo spirito familiare che si respira nel ristorante. I clienti sono sempre accolti con un sorriso e il team si impegna a creare un\u2019atmosfera conviviale in cui tutti si sentano a proprio agio.<\/p>\n\n\n<div class=\"gb-container gb-container-2e2280d5\">\n\n<figure class=\"wp-block-image size-full\"><img decoding=\"async\" width=\"1024\" height=\"1024\" src=\"https:\/\/tamtam-saigon.com\/wp-content\/uploads\/2025\/01\/ambiance-conviviale.webp\" alt=\"photo d'un repas au restaurant vietnamien\" class=\"wp-image-1102\" srcset=\"https:\/\/tamtam-saigon.com\/wp-content\/uploads\/2025\/01\/ambiance-conviviale.webp 1024w, https:\/\/tamtam-saigon.com\/wp-content\/uploads\/2025\/01\/ambiance-conviviale-300x300.webp 300w, https:\/\/tamtam-saigon.com\/wp-content\/uploads\/2025\/01\/ambiance-conviviale-150x150.webp 150w, https:\/\/tamtam-saigon.com\/wp-content\/uploads\/2025\/01\/ambiance-conviviale-768x768.webp 768w, https:\/\/tamtam-saigon.com\/wp-content\/uploads\/2025\/01\/ambiance-conviviale-12x12.webp 12w\" sizes=\"(max-width: 1024px) 100vw, 1024px\" \/><\/figure>\n\n<\/div>\n\n\n<p>Non esitate a fare due chiacchiere con Martine e Marcel, sempre pronti a condividere le loro conoscenze sulla <strong>cucina vietnamita<\/strong>, le sue tradizioni e le sue particolarit\u00e0. Questa vicinanza, che permette di approfondire la cultura vietnamita mentre si gustano piatti deliziosi, \u00e8 ci\u00f2 che fa davvero la differenza al <strong>Tam Tam Saigon<\/strong>.<\/p>\n\n\n\n<h2 class=\"wp-block-heading\">Piatti da asporto disponibili<\/h2>\n\n\n\n<p>Per chi preferisce gustare il proprio pasto a casa, il <strong>Tam Tam Saigon<\/strong> offre anche una selezione di <strong>piatti da asporto<\/strong>. Potete cos\u00ec gustare i vostri piatti preferiti nel comfort della vostra casa, ritrovando tutto il sapore autentico della <strong>cucina vietnamita<\/strong>.<\/p>\n\n\n\n<p>Ordine semplice e veloce, i vostri piatti saranno preparati con la stessa cura del ristorante. Basta ordinare telefonicamente per godere di un servizio di qualit\u00e0 e della variet\u00e0 gastronomica proposta dalla chef del <strong>Tam Tam Saigon<\/strong>.<\/p>\n\n\n<div class=\"gb-container gb-container-cdd7fcfa\">\n\n<figure class=\"wp-block-image size-full\"><img decoding=\"async\" width=\"1024\" height=\"1024\" src=\"https:\/\/tamtam-saigon.com\/wp-content\/uploads\/2025\/01\/photo-take-away-bag.webp\" alt=\"photo d'un sac \u00e0 emporter\" class=\"wp-image-1110\" srcset=\"https:\/\/tamtam-saigon.com\/wp-content\/uploads\/2025\/01\/photo-take-away-bag.webp 1024w, https:\/\/tamtam-saigon.com\/wp-content\/uploads\/2025\/01\/photo-take-away-bag-300x300.webp 300w, https:\/\/tamtam-saigon.com\/wp-content\/uploads\/2025\/01\/photo-take-away-bag-150x150.webp 150w, https:\/\/tamtam-saigon.com\/wp-content\/uploads\/2025\/01\/photo-take-away-bag-768x768.webp 768w, https:\/\/tamtam-saigon.com\/wp-content\/uploads\/2025\/01\/photo-take-away-bag-12x12.webp 12w\" sizes=\"(max-width: 1024px) 100vw, 1024px\" \/><\/figure>\n\n<\/div>\n\n\n<h3 class=\"wp-block-heading\">Ideale per le serate in famiglia o con amici<\/h3>\n\n\n\n<p>Organizzare una serata a base di piatti vietnamiti pu\u00f2 rivelarsi un\u2019ottima idea per sorprendere e deliziare i vostri ospiti. Che si tratti di un evento speciale o semplicemente per rendere pi\u00f9 vivace una cena ordinaria, le opzioni di <strong>piatti da asporto<\/strong> del <strong>Tam Tam Saigon<\/strong> porteranno sicuramente un tocco di esotismo alla vostra tavola.<\/p>\n\n\n\n<p>Troverete un\u2019ampia gamma di scelte, dall\u2019antipasto al dolce, che vi permetteranno di comporre un men\u00f9 completo adatto a tutti i gusti. Riscaldare i piatti \u00e8 semplice, garantendo cos\u00ec che ogni boccone rimanga delizioso e ricco di sapori.<\/p>\n\n\n\n<ul class=\"wp-block-list\">\n<li>Zuppe e antipasti vari<\/li>\n\n\n\n<li>Piatti principali, con opzioni vegetariane disponibili<\/li>\n\n\n\n<li>Dessert tradizionali vietnamiti<\/li>\n<\/ul>\n\n\n\n<h2 class=\"wp-block-heading\">Una posizione ideale a Isola Rossa<\/h2>\n\n\n\n<p>Il <strong>Tam Tam Saigon<\/strong> beneficia di una posizione privilegiata nel cuore di Isola Rossa<strong>Isola Rossa<\/strong>, facilitando l\u2019accesso sia agli abitanti che ai visitatori di passaggio. Scegliendo di pranzare o cenare in questo <strong>ristorante vietnamita<\/strong>, potrete inoltre godere del fascino di questo magnifico comune della <strong>Alta Corsica<\/strong>.<\/p>\n\n\n\n<p>Dopo una giornata di scoperte e passeggiate lungo il mare, cosa c\u2019\u00e8 di meglio che concludere con una nota golosa gustando una <strong>cucina tradizionale vietnamita<\/strong>&nbsp;? Il <strong>Tam Tam Saigon<\/strong> vi promette una fuga culinaria indimenticabile, caratterizzata dalla generosit\u00e0 e dalla raffinatezza dei suoi piatti.<\/p>\n\n\n<div class=\"gb-container gb-container-8e110494\">\n\n<figure class=\"wp-block-image size-full\"><img decoding=\"async\" width=\"1024\" height=\"1024\" src=\"https:\/\/tamtam-saigon.com\/wp-content\/uploads\/2025\/01\/corsica-village.webp\" alt=\"photo d'une famille qui marche dans un village comme ile rousse en corse\" class=\"wp-image-1108\" srcset=\"https:\/\/tamtam-saigon.com\/wp-content\/uploads\/2025\/01\/corsica-village.webp 1024w, https:\/\/tamtam-saigon.com\/wp-content\/uploads\/2025\/01\/corsica-village-300x300.webp 300w, https:\/\/tamtam-saigon.com\/wp-content\/uploads\/2025\/01\/corsica-village-150x150.webp 150w, https:\/\/tamtam-saigon.com\/wp-content\/uploads\/2025\/01\/corsica-village-768x768.webp 768w, https:\/\/tamtam-saigon.com\/wp-content\/uploads\/2025\/01\/corsica-village-12x12.webp 12w\" sizes=\"(max-width: 1024px) 100vw, 1024px\" \/><\/figure>\n\n<\/div>\n\n\n<h3 class=\"wp-block-heading\">Facilit\u00e0 di accesso e parcheggi nelle vicinanze<\/h3>\n\n\n\n<p>Per rendere la vostra visita ancora pi\u00f9 piacevole, diverse soluzioni di parcheggio sono disponibili nelle vicinanze del ristorante. Che arriviate a piedi dopo una passeggiata o in auto, troverete facilmente dove lasciare il vostro veicolo a pochi passi da <strong>Tam Tam Saigon<\/strong>.<\/p>\n\n\n\n<p>Questo vi permette di godervi appieno il vostro pasto senza preoccuparvi degli inconvenienti logistici, aggiungendo cos\u00ec un prezioso comfort alla vostra <strong>esperienza culinaria<\/strong>.<\/p>\n\n\n\n<h2 class=\"wp-block-heading\">La perfetta combinazione tra tradizione e convivialit\u00e0<\/h2>\n\n\n\n<p>In conclusione, il <strong>Tam Tam Saigon<\/strong> vuole essere pi\u00f9 di un semplice <strong>ristorante vietnamita<\/strong>. \u00c8 un luogo dove la tradizione incontra la convivialit\u00e0, e ogni dettaglio \u00e8 pensato per offrire un\u2019esperienza <strong>esperienza culinaria eccezionale<\/strong> che rispecchia l\u2019ospitalit\u00e0 corsa e vietnamita.<\/p>\n\n\n\n<p>Attraverso la loro maestria e il loro amore per la cucina, Martine e Marcel del <strong>Tam Tam Saigon<\/strong> vi invitano a intraprendere un viaggio gustativo fuori dal comune. Lasciatevi sedurre dalla ricchezza della <strong>cucina vietnamita<\/strong> in un ambiente incantevole a <strong>Isola Rossa<\/strong>, nella <strong>Alta Corsica<\/strong>.<\/p>\n\n<\/div>\n<\/div>","protected":false},"excerpt":{"rendered":"<p>Restaurant asiatique \u00e0 l&rsquo;\u00cele-Rousse : D\u00e9couvrez le Tam Tam Saigon Situ\u00e9 au c\u0153ur de l&rsquo;\u00cele-Rousse en Haute-Corse, le restaurant Tam Tam Saigon vous invite \u00e0 vivre une exp\u00e9rience culinaire unique avec ses sp\u00e9cialit\u00e9s vietnamiennes authentiques. Que vous soyez un habitant local ou un visiteur curieux, ce restaurant vietnamien est la destination id\u00e9ale pour go\u00fbter des &#8230; <a title=\"Chi siamo noi?\" class=\"read-more\" href=\"https:\/\/tamtam-saigon.com\/it\/restaurant-vietnamien-en-corse\/\" aria-label=\"Per saperne di pi\u00f9 su qui sommes-nous ?\">Leggi tutto<\/a><\/p>","protected":false},"author":1,"featured_media":0,"parent":0,"menu_order":0,"comment_status":"closed","ping_status":"closed","template":"","meta":{"footnotes":""},"class_list":["post-1093","page","type-page","status-publish"],"_links":{"self":[{"href":"https:\/\/tamtam-saigon.com\/it\/wp-json\/wp\/v2\/pages\/1093","targetHints":{"allow":["GET"]}}],"collection":[{"href":"https:\/\/tamtam-saigon.com\/it\/wp-json\/wp\/v2\/pages"}],"about":[{"href":"https:\/\/tamtam-saigon.com\/it\/wp-json\/wp\/v2\/types\/page"}],"author":[{"embeddable":true,"href":"https:\/\/tamtam-saigon.com\/it\/wp-json\/wp\/v2\/users\/1"}],"replies":[{"embeddable":true,"href":"https:\/\/tamtam-saigon.com\/it\/wp-json\/wp\/v2\/comments?post=1093"}],"version-history":[{"count":12,"href":"https:\/\/tamtam-saigon.com\/it\/wp-json\/wp\/v2\/pages\/1093\/revisions"}],"predecessor-version":[{"id":1117,"href":"https:\/\/tamtam-saigon.com\/it\/wp-json\/wp\/v2\/pages\/1093\/revisions\/1117"}],"wp:attachment":[{"href":"https:\/\/tamtam-saigon.com\/it\/wp-json\/wp\/v2\/media?parent=1093"}],"curies":[{"name":"wp","href":"https:\/\/api.w.org\/{rel}","templated":true}]}}